{"id":221,"date":"2020-02-09T14:19:33","date_gmt":"2020-02-09T14:19:33","guid":{"rendered":"http:\/\/foerderverein.feuerwehr-harpstedt.de\/?page_id=221"},"modified":"2025-10-12T08:28:41","modified_gmt":"2025-10-12T08:28:41","slug":"flyerseite","status":"publish","type":"page","link":"https:\/\/foerderverein.feuerwehr-harpstedt.de\/?page_id=221","title":{"rendered":"Flyerseite"},"content":{"rendered":"<p><span style=\"color: #000000;\"><strong>Zur Information der Bev\u00f6lkerung haben wir einen Flyer herausgegeben, mit dem wir \u00fcber den F\u00f6rderverein der Freiwilligen Feuerwehr Harpstedt berichten. <span style=\"color: #ff0000;\">(Bitte beachten Sie das einige Angaben im Flyer nicht mehr aktuell sein k\u00f6nnen. Wir arbeiten zurzeit an einer \u00fcberarbeiteten Ausgabe)<\/span><\/strong><\/span><\/p>\n<figure id=\"attachment_230\" aria-describedby=\"caption-attachment-230\" style=\"width: 172px\" class=\"wp-caption aligncenter\"><a href=\"https:\/\/foerderverein.feuerwehr-harpstedt.de\/wp-content\/uploads\/2023\/01\/Flyer-Foerderverein.pdf\"><img decoding=\"async\" class=\"wp-image-230\" src=\"https:\/\/foerderverein.feuerwehr-harpstedt.de\/wp-content\/uploads\/2020\/02\/Flyer-Bild-136x300.jpg\" alt=\"F\u00f6rdervereinsflyer der Freiwilligen Feuerwehr Harpstedt\" width=\"172\" height=\"271\" \/><\/a><figcaption id=\"caption-attachment-230\" class=\"wp-caption-text\"><strong><span style=\"color: #000000;\">Vorderseite unseres F\u00f6rdervereinsflyer<\/span><\/strong><\/figcaption><\/figure>\n<p>&nbsp;<\/p>\n<p><span style=\"color: #000000;\"><strong>Standardm\u00e4\u00dfige, j\u00e4hrlich wiederkehrende Veranstaltungen sind:<\/strong><\/span><\/p>\n<table style=\"border-collapse: collapse; width: 78.4889%; height: 34px;\">\n<tbody>\n<tr>\n<td style=\"width: 33.3333%; text-align: center;\"><span style=\"color: #ff0000; font-size: 24pt;\"><strong>Osterfeuer<\/strong><\/span><\/td>\n<td style=\"width: 33.3333%;\"><img fetchpriority=\"high\" decoding=\"async\" class=\"alignnone wp-image-285 size-medium\" src=\"https:\/\/foerderverein.feuerwehr-harpstedt.de\/wp-content\/uploads\/2020\/03\/Osterfeuer-300x169.jpg\" alt=\"\" width=\"300\" height=\"169\" srcset=\"https:\/\/foerderverein.feuerwehr-harpstedt.de\/wp-content\/uploads\/2020\/03\/Osterfeuer-300x169.jpg 300w, https:\/\/foerderverein.feuerwehr-harpstedt.de\/wp-content\/uploads\/2020\/03\/Osterfeuer-1024x576.jpg 1024w, https:\/\/foerderverein.feuerwehr-harpstedt.de\/wp-content\/uploads\/2020\/03\/Osterfeuer-768x432.jpg 768w, https:\/\/foerderverein.feuerwehr-harpstedt.de\/wp-content\/uploads\/2020\/03\/Osterfeuer.jpg 1468w\" sizes=\"(max-width: 300px) 100vw, 300px\" \/><\/td>\n<td style=\"width: 33.3333%;\"><\/td>\n<\/tr>\n<tr>\n<td style=\"width: 33.3333%; text-align: center;\"><span style=\"color: #ff0000; font-size: 24pt;\"><strong>Maikonzert<\/strong><\/span><\/td>\n<td style=\"width: 33.3333%;\"><img decoding=\"async\" class=\"alignnone wp-image-283 size-medium\" src=\"https:\/\/foerderverein.feuerwehr-harpstedt.de\/wp-content\/uploads\/2020\/03\/Maikonzert_1-300x225.jpg\" alt=\"\" width=\"300\" height=\"225\" srcset=\"https:\/\/foerderverein.feuerwehr-harpstedt.de\/wp-content\/uploads\/2020\/03\/Maikonzert_1-300x225.jpg 300w, https:\/\/foerderverein.feuerwehr-harpstedt.de\/wp-content\/uploads\/2020\/03\/Maikonzert_1-1024x768.jpg 1024w, https:\/\/foerderverein.feuerwehr-harpstedt.de\/wp-content\/uploads\/2020\/03\/Maikonzert_1-768x576.jpg 768w, https:\/\/foerderverein.feuerwehr-harpstedt.de\/wp-content\/uploads\/2020\/03\/Maikonzert_1.jpg 1101w\" sizes=\"(max-width: 300px) 100vw, 300px\" \/><\/td>\n<td style=\"width: 33.3333%;\"><img loading=\"lazy\" decoding=\"async\" class=\"alignnone size-medium wp-image-284\" src=\"https:\/\/foerderverein.feuerwehr-harpstedt.de\/wp-content\/uploads\/2020\/03\/Maikonzert_2-300x225.jpg\" alt=\"\" width=\"300\" height=\"225\" srcset=\"https:\/\/foerderverein.feuerwehr-harpstedt.de\/wp-content\/uploads\/2020\/03\/Maikonzert_2-300x225.jpg 300w, https:\/\/foerderverein.feuerwehr-harpstedt.de\/wp-content\/uploads\/2020\/03\/Maikonzert_2-1024x768.jpg 1024w, https:\/\/foerderverein.feuerwehr-harpstedt.de\/wp-content\/uploads\/2020\/03\/Maikonzert_2-768x576.jpg 768w, https:\/\/foerderverein.feuerwehr-harpstedt.de\/wp-content\/uploads\/2020\/03\/Maikonzert_2.jpg 1101w\" sizes=\"(max-width: 300px) 100vw, 300px\" \/><\/td>\n<\/tr>\n<tr>\n<td style=\"width: 33.3333%; text-align: center;\"><span style=\"color: #ff0000; font-size: 24pt;\"><strong>Weihnachtsmarkt<\/strong><\/span><\/td>\n<td style=\"width: 33.3333%;\"><img loading=\"lazy\" decoding=\"async\" class=\"alignnone size-medium wp-image-286\" src=\"https:\/\/foerderverein.feuerwehr-harpstedt.de\/wp-content\/uploads\/2020\/03\/Weihnachtsmarkt2008-300x200.jpg\" alt=\"\" width=\"300\" height=\"200\" srcset=\"https:\/\/foerderverein.feuerwehr-harpstedt.de\/wp-content\/uploads\/2020\/03\/Weihnachtsmarkt2008-300x200.jpg 300w, https:\/\/foerderverein.feuerwehr-harpstedt.de\/wp-content\/uploads\/2020\/03\/Weihnachtsmarkt2008.jpg 600w\" sizes=\"(max-width: 300px) 100vw, 300px\" \/><\/td>\n<td style=\"width: 33.3333%;\"><\/td>\n<\/tr>\n<\/tbody>\n<\/table>\n<p>&nbsp;<\/p>\n<p><a href=\"https:\/\/foerderverein.feuerwehr-harpstedt.de\/wp-content\/uploads\/2023\/01\/Flyer-Foerderverein.pdf\">\u00dcber diesen Link k\u00f6nnen sie den Inhalt des Flyers hier ansehen &#8230;<\/a><\/p>\n","protected":false},"excerpt":{"rendered":"<p>Zur Information der Bev\u00f6lkerung haben wir einen Flyer herausgegeben, mit dem wir \u00fcber den F\u00f6rderverein der Freiwilligen Feuerwehr Harpstedt berichten. (Bitte beachten Sie das einige Angaben im Flyer nicht mehr aktuell sein k\u00f6nnen. Wir arbeiten zurzeit an einer \u00fcberarbeiteten Ausgabe) &nbsp; Standardm\u00e4\u00dfige, j\u00e4hrlich wiederkehrende Veranstaltungen sind: Osterfeuer Maikonzert Weihnachtsmarkt &nbsp; \u00dcber diesen Link k\u00f6nnen sie [&hellip;]<\/p>\n","protected":false},"author":1,"featured_media":0,"parent":0,"menu_order":7,"comment_status":"closed","ping_status":"closed","template":"","meta":{"ocean_post_layout":"","ocean_both_sidebars_style":"","ocean_both_sidebars_content_width":0,"ocean_both_sidebars_sidebars_width":0,"ocean_sidebar":"0","ocean_second_sidebar":"0","ocean_disable_margins":"enable","ocean_add_body_class":"","ocean_shortcode_before_top_bar":"","ocean_shortcode_after_top_bar":"","ocean_shortcode_before_header":"","ocean_shortcode_after_header":"","ocean_has_shortcode":"","ocean_shortcode_after_title":"","ocean_shortcode_before_footer_widgets":"","ocean_shortcode_after_footer_widgets":"","ocean_shortcode_before_footer_bottom":"","ocean_shortcode_after_footer_bottom":"","ocean_display_top_bar":"default","ocean_display_header":"default","ocean_header_style":"","ocean_center_header_left_menu":"0","ocean_custom_header_template":"0","ocean_custom_logo":0,"ocean_custom_retina_logo":0,"ocean_custom_logo_max_width":0,"ocean_custom_logo_tablet_max_width":0,"ocean_custom_logo_mobile_max_width":0,"ocean_custom_logo_max_height":0,"ocean_custom_logo_tablet_max_height":0,"ocean_custom_logo_mobile_max_height":0,"ocean_header_custom_menu":"0","ocean_menu_typo_font_family":"0","ocean_menu_typo_font_subset":"","ocean_menu_typo_font_size":0,"ocean_menu_typo_font_size_tablet":0,"ocean_menu_typo_font_size_mobile":0,"ocean_menu_typo_font_size_unit":"px","ocean_menu_typo_font_weight":"","ocean_menu_typo_font_weight_tablet":"","ocean_menu_typo_font_weight_mobile":"","ocean_menu_typo_transform":"","ocean_menu_typo_transform_tablet":"","ocean_menu_typo_transform_mobile":"","ocean_menu_typo_line_height":0,"ocean_menu_typo_line_height_tablet":0,"ocean_menu_typo_line_height_mobile":0,"ocean_menu_typo_line_height_unit":"","ocean_menu_typo_spacing":0,"ocean_menu_typo_spacing_tablet":0,"ocean_menu_typo_spacing_mobile":0,"ocean_menu_typo_spacing_unit":"","ocean_menu_link_color":"","ocean_menu_link_color_hover":"","ocean_menu_link_color_active":"","ocean_menu_link_background":"","ocean_menu_link_hover_background":"","ocean_menu_link_active_background":"","ocean_menu_social_links_bg":"","ocean_menu_social_hover_links_bg":"","ocean_menu_social_links_color":"","ocean_menu_social_hover_links_color":"","ocean_disable_title":"on","ocean_disable_heading":"default","ocean_post_title":"","ocean_post_subheading":"","ocean_post_title_style":"","ocean_post_title_background_color":"","ocean_post_title_background":0,"ocean_post_title_bg_image_position":"","ocean_post_title_bg_image_attachment":"","ocean_post_title_bg_image_repeat":"","ocean_post_title_bg_image_size":"","ocean_post_title_height":0,"ocean_post_title_bg_overlay":0.5,"ocean_post_title_bg_overlay_color":"","ocean_disable_breadcrumbs":"default","ocean_breadcrumbs_color":"","ocean_breadcrumbs_separator_color":"","ocean_breadcrumbs_links_color":"","ocean_breadcrumbs_links_hover_color":"","ocean_display_footer_widgets":"default","ocean_display_footer_bottom":"default","ocean_custom_footer_template":"0","footnotes":""},"class_list":["post-221","page","type-page","status-publish","hentry","entry"],"_links":{"self":[{"href":"https:\/\/foerderverein.feuerwehr-harpstedt.de\/index.php?rest_route=\/wp\/v2\/pages\/221","targetHints":{"allow":["GET"]}}],"collection":[{"href":"https:\/\/foerderverein.feuerwehr-harpstedt.de\/index.php?rest_route=\/wp\/v2\/pages"}],"about":[{"href":"https:\/\/foerderverein.feuerwehr-harpstedt.de\/index.php?rest_route=\/wp\/v2\/types\/page"}],"author":[{"embeddable":true,"href":"https:\/\/foerderverein.feuerwehr-harpstedt.de\/index.php?rest_route=\/wp\/v2\/users\/1"}],"replies":[{"embeddable":true,"href":"https:\/\/foerderverein.feuerwehr-harpstedt.de\/index.php?rest_route=%2Fwp%2Fv2%2Fcomments&post=221"}],"version-history":[{"count":48,"href":"https:\/\/foerderverein.feuerwehr-harpstedt.de\/index.php?rest_route=\/wp\/v2\/pages\/221\/revisions"}],"predecessor-version":[{"id":693,"href":"https:\/\/foerderverein.feuerwehr-harpstedt.de\/index.php?rest_route=\/wp\/v2\/pages\/221\/revisions\/693"}],"wp:attachment":[{"href":"https:\/\/foerderverein.feuerwehr-harpstedt.de\/index.php?rest_route=%2Fwp%2Fv2%2Fmedia&parent=221"}],"curies":[{"name":"wp","href":"https:\/\/api.w.org\/{rel}","templated":true}]}}