{"id":125,"date":"2020-02-06T19:14:12","date_gmt":"2020-02-06T19:14:12","guid":{"rendered":"http:\/\/foerderverein.feuerwehr-harpstedt.de\/?page_id=125"},"modified":"2020-02-09T15:00:53","modified_gmt":"2020-02-09T15:00:53","slug":"impressum","status":"publish","type":"page","link":"https:\/\/foerderverein.feuerwehr-harpstedt.de\/?page_id=125","title":{"rendered":"Impressum"},"content":{"rendered":"<p><span style=\"font-size: 18pt; color: #000000;\"><strong>F\u00f6rderverein der<br \/>\nFreiwilligen Feuerwehr Harpstedt e.V.<\/strong><\/span><\/p>\n<p><span style=\"color: #000000;\">Am Schwarzen Berg 15<\/span><br \/>\n<span style=\"color: #000000;\">27243 Harpstedt Tel.: 04244-8896<\/span><br \/>\n<span style=\"color: #000000;\">E-Mail:<\/span> <a href=\"mailto:foerderverein@feuerwehr-harpstedt.de?subject=Anfrage\/Hinweis%20an%20den%20F\u00f6rderverein%20der%20Freiwilligen%20Feuerwehr%20Harpstedt%20e.V.\">foerderverein@feuerwehr-harpstedt.de<\/a><\/p>\n<p><span style=\"color: #000000;\">Steuernummer FA Delmenhorst: 57\/220\/08156<\/span><\/p>\n<hr \/>\n<p><span style=\"color: #000000;\"><strong><em>Vertretungsberechtigte<\/em><\/strong><\/span><\/p>\n<p><span style=\"color: #000000;\">Stephan Bruns &#8211; 1. Vorsitzender<\/span><br \/>\n<span style=\"color: #000000;\">Tel.: 04244-8896\u00a0\u00a0\u00a0 Fax: 04244-810361<\/span><br \/>\n<span style=\"color: #000000;\">E-Mail:<\/span> <a href=\"mailto:foerderverein@feuerwehr-harpstedt.de?subject=Anfrage\/Hinweis%20an%20den%20F\u00f6rderverein%20der%20Freiwilligen%20Feuerwehr%20Harpstedt%20e.V.\">foerderverein@feuerwehr-harpstedt.de<\/a><\/p>\n<p>&nbsp;<\/p>\n<p><span style=\"color: #000000;\"><strong><em>Web-Gestaltung<\/em><\/strong><\/span><\/p>\n<p><span style=\"color: #000000;\">J\u00fcrgen Wachendorf &#8211; 2. Vorsitzender<\/span><br \/>\n<span style=\"color: #000000;\">Tel.: 04244-1592<\/span><br \/>\n<span style=\"color: #000000;\">E-Mail:<\/span> <a href=\"mailto:juergen@wachendorf-harpstedt.de?subject=Anfrage\/Hinweis%20an%20den%20Webmaster%20des%20F\u00f6rderverein%20der%20Freiwilligen%20Feuerwehr%20Harpstedt%20e.V.\">juergen@wachendorf-harpstedt.de<\/a><\/p>\n<hr \/>\n<p><strong><em><br \/>\n<span style=\"color: #000000;\">Haftung f\u00fcr Inhalte<\/span><\/em><\/strong><\/p>\n<p><span style=\"color: #000000;\">Als Diensteanbieter sind wir gem\u00e4\u00df \u00a7 7 Abs.1 TMG f\u00fcr eigene Inhalte auf diesen Seiten nach den allgemeinen Gesetzen verantwortlich. Nach \u00a7\u00a7 8 bis 10 TMG sind wir als Diensteanbieter jedoch nicht verpflichtet, \u00fcbermittelte oder gespeicherte fremde Informationen zu \u00fcberwachen oder nach Umst\u00e4nden zu forschen, die auf eine rechtswidrige T\u00e4tigkeit hinweisen.<\/span><\/p>\n<p><span style=\"color: #000000;\">Verpflichtungen zur Entfernung oder Sperrung der Nutzung von Informationen nach den allgemeinen Gesetzen bleiben hiervon unber\u00fchrt. Eine diesbez\u00fcgliche Haftung ist jedoch erst ab dem Zeitpunkt der Kenntnis einer konkreten Rechtsverletzung m\u00f6glich. Bei Bekannt werden von entsprechenden Rechtsverletzungen werden wir diese Inhalte umgehend entfernen.<\/span><\/p>\n<p><span style=\"color: #000000;\"><strong><em>Haftung f\u00fcr Links<\/em><\/strong><\/span><\/p>\n<p><span style=\"color: #000000;\">Unser Angebot enth\u00e4lt Links zu externen Websites Dritter, auf deren Inhalte wir keinen Einfluss haben. Deshalb k\u00f6nnen wir f\u00fcr diese fremden Inhalte auch keine Gew\u00e4hr \u00fcbernehmen. F\u00fcr die Inhalte der verlinkten Seiten ist stets der jeweilige Anbieter oder Betreiber der Seiten verantwortlich. Die verlinkten Seiten wurden zum Zeitpunkt der Verlinkung auf m\u00f6gliche Rechtsverst\u00f6\u00dfe \u00fcberpr\u00fcft. Rechtswidrige Inhalte waren zum Zeitpunkt der Verlinkung nicht erkennbar.<\/span><\/p>\n<p><span style=\"color: #000000;\">Eine permanente inhaltliche Kontrolle der verlinkten Seiten ist jedoch ohne konkrete Anhaltspunkte einer Rechtsverletzung nicht zumutbar. Bei Bekannt werden von Rechtsverletzungen werden wir derartige Links umgehend entfernen.<\/span><\/p>\n<p><span style=\"color: #000000;\"><strong><em>Urheberrecht<\/em><\/strong><\/span><\/p>\n<p><span style=\"color: #000000;\">Die durch die Seitenbetreiber erstellten Inhalte und Werke auf diesen Seiten unterliegen dem deutschen Urheberrecht. Die Vervielf\u00e4ltigung, Bearbeitung, Verbreitung und jede Art der Verwertung au\u00dferhalb der Grenzen des Urheberrechtes bed\u00fcrfen der schriftlichen Zustimmung des jeweiligen Autors bzw. Erstellers. Downloads und Kopien dieser Seite sind nur f\u00fcr den privaten, nicht kommerziellen Gebrauch gestattet.<\/span><\/p>\n<p><span style=\"color: #000000;\">Soweit die Inhalte auf dieser Seite nicht vom Betreiber erstellt wurden, werden die Urheberrechte Dritter beachtet. Insbesondere werden Inhalte Dritter als solche gekennzeichnet. Sollten Sie trotzdem auf eine Urheberrechtsverletzung aufmerksam werden, bitten wir um einen entsprechenden Hinweis. Bei Bekannt werden von Rechtsverletzungen werden wir derartige Inhalte umgehend entfernen.<\/span><\/p>\n<p><span style=\"color: #000000;\">Des Weiteren kann die URL &#8222;www.foerderverein.feuerwehr-harpstedt.de&#8220; ohne unser Wissen von einem anderen Anbieter mittels Hyperlink angelinkt worden sein. Der F\u00f6rderverein \u00fcbernimmt keine Verantwortung f\u00fcr Darstellungen, Inhalte oder irgendeine Verbindung in Webseiten Dritter.<\/span><\/p>\n","protected":false},"excerpt":{"rendered":"<p>F\u00f6rderverein der Freiwilligen Feuerwehr Harpstedt e.V. Am Schwarzen Berg 15 27243 Harpstedt Tel.: 04244-8896 E-Mail: foerderverein@feuerwehr-harpstedt.de Steuernummer FA Delmenhorst: 57\/220\/08156 Vertretungsberechtigte Stephan Bruns &#8211; 1. Vorsitzender Tel.: 04244-8896\u00a0\u00a0\u00a0 Fax: 04244-810361 E-Mail: foerderverein@feuerwehr-harpstedt.de &nbsp; Web-Gestaltung J\u00fcrgen Wachendorf &#8211; 2. Vorsitzender Tel.: 04244-1592 E-Mail: juergen@wachendorf-harpstedt.de Haftung f\u00fcr Inhalte Als Diensteanbieter sind wir gem\u00e4\u00df \u00a7 7 Abs.1 TMG [&hellip;]<\/p>\n","protected":false},"author":1,"featured_media":0,"parent":0,"menu_order":9,"comment_status":"closed","ping_status":"closed","template":"","meta":{"ocean_post_layout":"","ocean_both_sidebars_style":"","ocean_both_sidebars_content_width":0,"ocean_both_sidebars_sidebars_width":0,"ocean_sidebar":"0","ocean_second_sidebar":"0","ocean_disable_margins":"enable","ocean_add_body_class":"","ocean_shortcode_before_top_bar":"","ocean_shortcode_after_top_bar":"","ocean_shortcode_before_header":"","ocean_shortcode_after_header":"","ocean_has_shortcode":"","ocean_shortcode_after_title":"","ocean_shortcode_before_footer_widgets":"","ocean_shortcode_after_footer_widgets":"","ocean_shortcode_before_footer_bottom":"","ocean_shortcode_after_footer_bottom":"","ocean_display_top_bar":"on","ocean_display_header":"on","ocean_header_style":"","ocean_center_header_left_menu":"0","ocean_custom_header_template":"0","ocean_custom_logo":0,"ocean_custom_retina_logo":0,"ocean_custom_logo_max_width":0,"ocean_custom_logo_tablet_max_width":0,"ocean_custom_logo_mobile_max_width":0,"ocean_custom_logo_max_height":0,"ocean_custom_logo_tablet_max_height":0,"ocean_custom_logo_mobile_max_height":0,"ocean_header_custom_menu":"0","ocean_menu_typo_font_family":"0","ocean_menu_typo_font_subset":"","ocean_menu_typo_font_size":0,"ocean_menu_typo_font_size_tablet":0,"ocean_menu_typo_font_size_mobile":0,"ocean_menu_typo_font_size_unit":"px","ocean_menu_typo_font_weight":"","ocean_menu_typo_font_weight_tablet":"","ocean_menu_typo_font_weight_mobile":"","ocean_menu_typo_transform":"","ocean_menu_typo_transform_tablet":"","ocean_menu_typo_transform_mobile":"","ocean_menu_typo_line_height":0,"ocean_menu_typo_line_height_tablet":0,"ocean_menu_typo_line_height_mobile":0,"ocean_menu_typo_line_height_unit":"","ocean_menu_typo_spacing":0,"ocean_menu_typo_spacing_tablet":0,"ocean_menu_typo_spacing_mobile":0,"ocean_menu_typo_spacing_unit":"","ocean_menu_link_color":"","ocean_menu_link_color_hover":"","ocean_menu_link_color_active":"","ocean_menu_link_background":"","ocean_menu_link_hover_background":"","ocean_menu_link_active_background":"","ocean_menu_social_links_bg":"","ocean_menu_social_hover_links_bg":"","ocean_menu_social_links_color":"","ocean_menu_social_hover_links_color":"","ocean_disable_title":"on","ocean_disable_heading":"default","ocean_post_title":"","ocean_post_subheading":"","ocean_post_title_style":"","ocean_post_title_background_color":"","ocean_post_title_background":0,"ocean_post_title_bg_image_position":"","ocean_post_title_bg_image_attachment":"","ocean_post_title_bg_image_repeat":"","ocean_post_title_bg_image_size":"","ocean_post_title_height":0,"ocean_post_title_bg_overlay":0.5,"ocean_post_title_bg_overlay_color":"","ocean_disable_breadcrumbs":"default","ocean_breadcrumbs_color":"","ocean_breadcrumbs_separator_color":"","ocean_breadcrumbs_links_color":"","ocean_breadcrumbs_links_hover_color":"","ocean_display_footer_widgets":"on","ocean_display_footer_bottom":"on","ocean_custom_footer_template":"0","footnotes":""},"class_list":["post-125","page","type-page","status-publish","hentry","entry"],"_links":{"self":[{"href":"https:\/\/foerderverein.feuerwehr-harpstedt.de\/index.php?rest_route=\/wp\/v2\/pages\/125","targetHints":{"allow":["GET"]}}],"collection":[{"href":"https:\/\/foerderverein.feuerwehr-harpstedt.de\/index.php?rest_route=\/wp\/v2\/pages"}],"about":[{"href":"https:\/\/foerderverein.feuerwehr-harpstedt.de\/index.php?rest_route=\/wp\/v2\/types\/page"}],"author":[{"embeddable":true,"href":"https:\/\/foerderverein.feuerwehr-harpstedt.de\/index.php?rest_route=\/wp\/v2\/users\/1"}],"replies":[{"embeddable":true,"href":"https:\/\/foerderverein.feuerwehr-harpstedt.de\/index.php?rest_route=%2Fwp%2Fv2%2Fcomments&post=125"}],"version-history":[{"count":12,"href":"https:\/\/foerderverein.feuerwehr-harpstedt.de\/index.php?rest_route=\/wp\/v2\/pages\/125\/revisions"}],"predecessor-version":[{"id":197,"href":"https:\/\/foerderverein.feuerwehr-harpstedt.de\/index.php?rest_route=\/wp\/v2\/pages\/125\/revisions\/197"}],"wp:attachment":[{"href":"https:\/\/foerderverein.feuerwehr-harpstedt.de\/index.php?rest_route=%2Fwp%2Fv2%2Fmedia&parent=125"}],"curies":[{"name":"wp","href":"https:\/\/api.w.org\/{rel}","templated":true}]}}