{"id":119,"date":"2020-02-06T19:12:03","date_gmt":"2020-02-06T19:12:03","guid":{"rendered":"http:\/\/foerderverein.feuerwehr-harpstedt.de\/?page_id=119"},"modified":"2025-11-11T15:22:59","modified_gmt":"2025-11-11T15:22:59","slug":"aufnahmeformular-2","status":"publish","type":"page","link":"https:\/\/foerderverein.feuerwehr-harpstedt.de\/?page_id=119","title":{"rendered":"Aufnahmeformular"},"content":{"rendered":"\t\t<div data-elementor-type=\"wp-page\" data-elementor-id=\"119\" class=\"elementor elementor-119\">\n\t\t\t\t\t\t<section class=\"elementor-section elementor-top-section elementor-element elementor-element-53a9cd23 elementor-section-boxed elementor-section-height-default elementor-section-height-default\" data-id=\"53a9cd23\" data-element_type=\"section\" data-e-type=\"section\">\n\t\t\t\t\t\t<div class=\"elementor-container elementor-column-gap-default\">\n\t\t\t\t\t<div class=\"elementor-column elementor-col-100 elementor-top-column elementor-element elementor-element-19d0b6d1\" data-id=\"19d0b6d1\" data-element_type=\"column\" data-e-type=\"column\">\n\t\t\t<div class=\"elementor-widget-wrap elementor-element-populated\">\n\t\t\t\t\t\t<div class=\"elementor-element elementor-element-3697489a elementor-widget elementor-widget-text-editor\" data-id=\"3697489a\" data-element_type=\"widget\" data-e-type=\"widget\" data-widget_type=\"text-editor.default\">\n\t\t\t\t<div class=\"elementor-widget-container\">\n\t\t\t\t\t\t\t\t\t<p><span style=\"color: #000000;\">Hier k\u00f6nnen sie unser Aufnahmeformular herunterladen und ausdrucken oder direkt ausf\u00fcllen und versenden &#8230;<\/span><\/p><p><a href=\"https:\/\/foerderverein.feuerwehr-harpstedt.de\/wp-content\/uploads\/2025\/11\/Aufnahmeformular.pdf\"><strong>Klicken sie einfach auf diesen Link zum Aufnahmeformular<\/strong><\/a><\/p><p><span style=\"color: #000000;\">Das ausgef\u00fcllte Formular schicken sie bitte an Stephan Bruns, Schwarzer Berg 15, 27243 Harpstedt<\/span><br \/><span style=\"color: #000000;\">oder per Mail an:<\/span> <a href=\"mailto:foerderverein@feuerwehr-harpstedt.de?subject=Anfrage\/Hinweis an den F\u00f6rderverein der Freiwilligen Feuerwehr Harpstedt e.V.\"><strong>Foerderverein@Feuerwehr-Harpstedt.de<\/strong><\/a><\/p><div id=\"outer-wrap\" class=\"site clr\"><div id=\"wrap\" class=\"clr\"><div id=\"content-wrap\" class=\"container clr\"><div id=\"primary\" class=\"content-area clr\"><div id=\"content\" class=\"site-content clr\">\u00a0<\/div><\/div><\/div><\/div><\/div>\t\t\t\t\t\t\t\t<\/div>\n\t\t\t\t<\/div>\n\t\t\t\t\t<\/div>\n\t\t<\/div>\n\t\t\t\t\t<\/div>\n\t\t<\/section>\n\t\t\t\t<\/div>\n\t\t","protected":false},"excerpt":{"rendered":"<p>Hier k\u00f6nnen sie unser Aufnahmeformular herunterladen und ausdrucken oder direkt ausf\u00fcllen und versenden &#8230; Klicken sie einfach auf diesen Link zum Aufnahmeformular Das ausgef\u00fcllte Formular schicken sie bitte an Stephan Bruns, Schwarzer Berg 15, 27243 Harpstedtoder per Mail an: Foerderverein@Feuerwehr-Harpstedt.de \u00a0<\/p>\n","protected":false},"author":1,"featured_media":0,"parent":0,"menu_order":5,"comment_status":"closed","ping_status":"closed","template":"","meta":{"ocean_post_layout":"","ocean_both_sidebars_style":"","ocean_both_sidebars_content_width":0,"ocean_both_sidebars_sidebars_width":0,"ocean_sidebar":"0","ocean_second_sidebar":"0","ocean_disable_margins":"enable","ocean_add_body_class":"","ocean_shortcode_before_top_bar":"","ocean_shortcode_after_top_bar":"","ocean_shortcode_before_header":"","ocean_shortcode_after_header":"","ocean_has_shortcode":"","ocean_shortcode_after_title":"","ocean_shortcode_before_footer_widgets":"","ocean_shortcode_after_footer_widgets":"","ocean_shortcode_before_footer_bottom":"","ocean_shortcode_after_footer_bottom":"","ocean_display_top_bar":"on","ocean_display_header":"on","ocean_header_style":"","ocean_center_header_left_menu":"0","ocean_custom_header_template":"0","ocean_custom_logo":0,"ocean_custom_retina_logo":0,"ocean_custom_logo_max_width":0,"ocean_custom_logo_tablet_max_width":0,"ocean_custom_logo_mobile_max_width":0,"ocean_custom_logo_max_height":0,"ocean_custom_logo_tablet_max_height":0,"ocean_custom_logo_mobile_max_height":0,"ocean_header_custom_menu":"0","ocean_menu_typo_font_family":"0","ocean_menu_typo_font_subset":"","ocean_menu_typo_font_size":0,"ocean_menu_typo_font_size_tablet":0,"ocean_menu_typo_font_size_mobile":0,"ocean_menu_typo_font_size_unit":"px","ocean_menu_typo_font_weight":"","ocean_menu_typo_font_weight_tablet":"","ocean_menu_typo_font_weight_mobile":"","ocean_menu_typo_transform":"","ocean_menu_typo_transform_tablet":"","ocean_menu_typo_transform_mobile":"","ocean_menu_typo_line_height":0,"ocean_menu_typo_line_height_tablet":0,"ocean_menu_typo_line_height_mobile":0,"ocean_menu_typo_line_height_unit":"","ocean_menu_typo_spacing":0,"ocean_menu_typo_spacing_tablet":0,"ocean_menu_typo_spacing_mobile":0,"ocean_menu_typo_spacing_unit":"","ocean_menu_link_color":"","ocean_menu_link_color_hover":"","ocean_menu_link_color_active":"","ocean_menu_link_background":"","ocean_menu_link_hover_background":"","ocean_menu_link_active_background":"","ocean_menu_social_links_bg":"","ocean_menu_social_hover_links_bg":"","ocean_menu_social_links_color":"","ocean_menu_social_hover_links_color":"","ocean_disable_title":"on","ocean_disable_heading":"default","ocean_post_title":"","ocean_post_subheading":"","ocean_post_title_style":"","ocean_post_title_background_color":"","ocean_post_title_background":0,"ocean_post_title_bg_image_position":"","ocean_post_title_bg_image_attachment":"","ocean_post_title_bg_image_repeat":"","ocean_post_title_bg_image_size":"","ocean_post_title_height":0,"ocean_post_title_bg_overlay":0.5,"ocean_post_title_bg_overlay_color":"","ocean_disable_breadcrumbs":"default","ocean_breadcrumbs_color":"","ocean_breadcrumbs_separator_color":"","ocean_breadcrumbs_links_color":"","ocean_breadcrumbs_links_hover_color":"","ocean_display_footer_widgets":"on","ocean_display_footer_bottom":"on","ocean_custom_footer_template":"0","footnotes":""},"class_list":["post-119","page","type-page","status-publish","hentry","entry"],"_links":{"self":[{"href":"https:\/\/foerderverein.feuerwehr-harpstedt.de\/index.php?rest_route=\/wp\/v2\/pages\/119","targetHints":{"allow":["GET"]}}],"collection":[{"href":"https:\/\/foerderverein.feuerwehr-harpstedt.de\/index.php?rest_route=\/wp\/v2\/pages"}],"about":[{"href":"https:\/\/foerderverein.feuerwehr-harpstedt.de\/index.php?rest_route=\/wp\/v2\/types\/page"}],"author":[{"embeddable":true,"href":"https:\/\/foerderverein.feuerwehr-harpstedt.de\/index.php?rest_route=\/wp\/v2\/users\/1"}],"replies":[{"embeddable":true,"href":"https:\/\/foerderverein.feuerwehr-harpstedt.de\/index.php?rest_route=%2Fwp%2Fv2%2Fcomments&post=119"}],"version-history":[{"count":13,"href":"https:\/\/foerderverein.feuerwehr-harpstedt.de\/index.php?rest_route=\/wp\/v2\/pages\/119\/revisions"}],"predecessor-version":[{"id":708,"href":"https:\/\/foerderverein.feuerwehr-harpstedt.de\/index.php?rest_route=\/wp\/v2\/pages\/119\/revisions\/708"}],"wp:attachment":[{"href":"https:\/\/foerderverein.feuerwehr-harpstedt.de\/index.php?rest_route=%2Fwp%2Fv2%2Fmedia&parent=119"}],"curies":[{"name":"wp","href":"https:\/\/api.w.org\/{rel}","templated":true}]}}