{"id":117,"date":"2020-02-06T19:10:54","date_gmt":"2020-02-06T19:10:54","guid":{"rendered":"http:\/\/foerderverein.feuerwehr-harpstedt.de\/?page_id=117"},"modified":"2024-09-22T10:08:28","modified_gmt":"2024-09-22T10:08:28","slug":"informationsseite","status":"publish","type":"page","link":"https:\/\/foerderverein.feuerwehr-harpstedt.de\/?page_id=117","title":{"rendered":"Informationsseite"},"content":{"rendered":"<p><span style=\"color: #000000;\"><b><span style=\"font-size: large;\">Ziele und Zwecke des Vereines:<\/span><\/b><\/span><\/p>\n<p><span style=\"font-size: large; color: #000000;\">Der F\u00f6rderverein stellt sich die Aufgabe, das Feuerwehrwesen, die Kameradschaft, die Jugendfeuerwehr, den Jugendspielmannszug und die \u00d6ffentlichkeitsarbeit der Ortswehr Harpstedt zu f\u00f6rdern und zu unterst\u00fctzen. Daneben will der F\u00f6rderverein die Feuerwehr bei der Anschaffung von Ausr\u00fcstungsgegenst\u00e4nden au\u00dferhalb der gesetzlichen Mindestausstattung unterst\u00fctzen. Der F\u00f6rderverein verfolgt ausschlie\u00dflich gemeinn\u00fctzige Zwecke und ist selbstlos t\u00e4tig, er verfolgt nicht in erster Linie eigenwirtschaftliche Zwecke.<\/span><\/p>\n<p>&nbsp;<\/p>\n<p><span style=\"color: #000000;\"><b> <span style=\"font-size: large;\">Wie k\u00f6nnen Sie helfen:<\/span><\/b><\/span><\/p>\n<p><span style=\"font-size: large; color: #000000;\">Der F\u00f6rderverein bietet Ihnen die M\u00f6glichkeit, Mitglied zu werden. Durch Ihren j\u00e4hrlichen Mitgliedsbeitrag (Mindestbeitrag nur EUR 12,00 p.a.) unterst\u00fctzen Sie unsere Bem\u00fchungen und Ziele. Jeder eingezahlte Euro kommt der Feuerwehr Harpstedt zugute. Gerne nehmen wir auch Einzelspenden an. <\/span><\/p>\n<p>&nbsp;<\/p>\n<p><span style=\"color: #000000;\"><b> <span style=\"font-size: large;\">Und was haben Sie davon?<\/span><\/b><\/span><\/p>\n<p><span style=\"font-size: large; color: #000000;\">Eine ganze Menge. Durch Ihre Mitgliedschaft oder Einzelspenden teilen Sie mit uns die soziale Verantwortung f\u00fcr die B\u00fcrger im L\u00f6schbezirk der Harpstedter Wehr. Sie engagieren sich f\u00fcr die Sicherheit der Feuerwehrleute, was wiederum jedem B\u00fcrger zu gute kommt. Nur ein optimal ausger\u00fcsteter Feuerwehrmann kann im Notfall schnell und professionell helfen. Damit auch die Zukunft der Feuerwehr gesichert ist, unterst\u00fctzen wir die Arbeit der Jugendfeuerwehr. Damit f\u00f6rdern Sie die Jugendarbeit in der Gemeinde. Der F\u00f6rderverein ist vom Finanzamt als gemeinn\u00fctziger Verein anerkannt. Sie erhalten f\u00fcr Ihre finanzielle Unterst\u00fctzung eine Spendenbescheinigung.<\/span><\/p>\n<p>&nbsp;<\/p>\n<p><span style=\"color: #000000;\"><b> <span style=\"font-size: large;\">Wer steckt hinter dem F\u00f6rderverein:<\/span><\/b><\/span><\/p>\n<p><span style=\"font-size: large; color: #000000;\">Feuerwehrleute und feuerwehrinteressierte B\u00fcrger. Jede nat\u00fcrliche oder juristische Person kann Mitglied des Vereins werden. Der Vorstand besteht aus gew\u00e4hlten Mitgliedern des Vereins und Funktionstr\u00e4gern der Feuerwehr.<\/span><\/p>\n<p>&nbsp;<\/p>\n<p><span style=\"color: #000000;\"><b> <span style=\"font-size: large;\">Werden Sie Mitglied im F\u00f6rderverein:<\/span><\/b><\/span><\/p>\n<p><span style=\"font-size: large; color: #000000;\">Informieren Sie sich \u00fcber die Freiwillige Feuerwehr Harpstedt, die Arbeit der Jugendfeuerwehr, des Jugendspielmannszuges und den F\u00f6rderverein und werden Sie noch heute Mitglied. Es lohnt sich!!<\/span><\/p>\n<p>&nbsp;<\/p>\n<p><span style=\"color: #000000;\"><b> <span style=\"font-size: large;\">Ihre Ansprechpartner:<\/span><\/b><\/span><\/p>\n<p><span style=\"color: #000000;\"><b>Stephan Bruns<br \/>\n<\/b>1. Vorsitzender des F\u00f6rdervereins<\/span><br \/>\n<span style=\"color: #000000;\">Tel.: 04244 &#8211; 8896<b><br \/>\n<\/b><\/span><\/p>\n<p><span style=\"color: #000000;\"><b>J\u00fcrgen Wachendorf<br \/>\n<\/b>2. Vorsitzender des F\u00f6rdervereins<\/span><br \/>\n<span style=\"color: #000000;\">Tel.: 04244 &#8211; 1592<b><br \/>\n<\/b><\/span><\/p>\n<p><span style=\"color: #000000;\"><b>Heiner Hannekum<\/b><\/span><br \/>\n<span style=\"color: #000000;\">Kassenwart<\/span><br \/>\n<span style=\"color: #000000;\">Tel.: 04244 &#8211; 8586<\/span><\/p>\n<p><span style=\"color: #000000;\"><b>Roswitha M\u00fcller<br \/>\n<\/b>Schriftf\u00fchrerin\/ Pressewartin<\/span><br \/>\n<span style=\"color: #000000;\">Tel.: 04244 &#8211; 1244<\/span><\/p>\n<hr \/>\n<p><span style=\"color: #000000;\"><strong>F\u00f6rderverein der Freiwilligen Feuerwehr Harpstedt e. V.<\/strong><\/span><\/p>\n<p><span style=\"color: #000000;\">Am Schwarzen Berg 15 \u2022 27243 Harpstedt<\/span><\/p>\n<p><span style=\"color: #000000;\">Telefon: 04244 &#8211; 8896<\/span><\/p>\n<p><span style=\"color: #000000;\">Internet: www.Foerderverein.Feuerwehr-Harpstedt.de<\/span><\/p>\n<p><span style=\"color: #000000;\">E-Mail: <a style=\"color: #000000;\" href=\"mailto:foerderverein@feuerwehr-harpstedt.de?subject=Anfrage\/Hinweis an den F\u00f6rderverein der Freiwilligen Feuerwehr Harpstedt e.V.\"> Foerderverein@Feuerwehr-Harpstedt.de<\/a><\/span><\/p>\n<p><span style=\"color: #000000;\">Steuernummer FA Delmenhorst: 57\/220\/08156<\/span><\/p>\n<p><span style=\"color: #000000;\"><strong>Bankverbindung:<\/strong><\/span><\/p>\n<p><span style=\"color: #000000;\">Landessparkasse zu Oldenburg, BLZ 280 501 00, Konto-Nr. 2025112<\/span><br \/>\n<span style=\"color: #000000;\"><strong> IBAN:<\/strong> DE49280501000002025112<\/span><br \/>\n<span style=\"color: #000000;\"><strong> BIC:<\/strong> BRLADE21LZO<br \/>\n<\/span><\/p>\n<p>&nbsp;<\/p>\n<p><span style=\"color: #000000;\">Hier k\u00f6nnen Sie das Aufnahmeformular ansehen und ausdrucken. <a style=\"color: #000000;\" href=\"https:\/\/foerderverein.feuerwehr-harpstedt.de\/?page_id=119\"><strong><span style=\"color: #3366ff;\">Klick hier&#8230;<\/span><\/strong><\/a><\/span><\/p>\n<p><span style=\"color: #000000;\">Wenn Sie uns eine Spende zukommen lassen wollen. <a style=\"color: #000000;\" href=\"https:\/\/foerderverein.feuerwehr-harpstedt.de\/?page_id=121\"><span style=\"color: #3366ff;\"><strong>Klick hier..<\/strong>.<\/span><\/a><\/span><\/p>\n<p><span style=\"color: #000000;\">Wenn Sie Mitglied werden wollen oder uns eine einmalige Spende zukommen lassen wollen dann schicken Sie das entsprechende ausgef\u00fcllte und unterschriebene Formular an den<\/span><\/p>\n<p><span style=\"color: #000000;\"><strong> F\u00f6rderverein der Freiwilligen Feuerwehr Harpstedt\u00a0 e.V.<br \/>\n<\/strong> Am Schwarzen Berg 15\u00a0 \u2022\u00a0 27243 Harpstedt<\/span><\/p>\n<p>&nbsp;<\/p>\n<p style=\"text-align: center;\"><span style=\"font-size: 18pt;\"><a href=\"https:\/\/foerderverein.feuerwehr-harpstedt.de\/?page_id=121\"><strong>Weiter &#8230;<\/strong><\/a><\/span><\/p>\n<p>&nbsp;<\/p>\n","protected":false},"excerpt":{"rendered":"<p>Ziele und Zwecke des Vereines: Der F\u00f6rderverein stellt sich die Aufgabe, das Feuerwehrwesen, die Kameradschaft, die Jugendfeuerwehr, den Jugendspielmannszug und die \u00d6ffentlichkeitsarbeit der Ortswehr Harpstedt zu f\u00f6rdern und zu unterst\u00fctzen. Daneben will der F\u00f6rderverein die Feuerwehr bei der Anschaffung von Ausr\u00fcstungsgegenst\u00e4nden au\u00dferhalb der gesetzlichen Mindestausstattung unterst\u00fctzen. Der F\u00f6rderverein verfolgt ausschlie\u00dflich gemeinn\u00fctzige Zwecke und ist selbstlos [&hellip;]<\/p>\n","protected":false},"author":1,"featured_media":0,"parent":0,"menu_order":3,"comment_status":"closed","ping_status":"closed","template":"","meta":{"ocean_post_layout":"","ocean_both_sidebars_style":"","ocean_both_sidebars_content_width":0,"ocean_both_sidebars_sidebars_width":0,"ocean_sidebar":"0","ocean_second_sidebar":"0","ocean_disable_margins":"on","ocean_add_body_class":"","ocean_shortcode_before_top_bar":"","ocean_shortcode_after_top_bar":"","ocean_shortcode_before_header":"","ocean_shortcode_after_header":"","ocean_has_shortcode":"","ocean_shortcode_after_title":"","ocean_shortcode_before_footer_widgets":"","ocean_shortcode_after_footer_widgets":"","ocean_shortcode_before_footer_bottom":"","ocean_shortcode_after_footer_bottom":"","ocean_display_top_bar":"on","ocean_display_header":"on","ocean_header_style":"","ocean_center_header_left_menu":"0","ocean_custom_header_template":"0","ocean_custom_logo":0,"ocean_custom_retina_logo":0,"ocean_custom_logo_max_width":0,"ocean_custom_logo_tablet_max_width":0,"ocean_custom_logo_mobile_max_width":0,"ocean_custom_logo_max_height":0,"ocean_custom_logo_tablet_max_height":0,"ocean_custom_logo_mobile_max_height":0,"ocean_header_custom_menu":"0","ocean_menu_typo_font_family":"0","ocean_menu_typo_font_subset":"","ocean_menu_typo_font_size":0,"ocean_menu_typo_font_size_tablet":0,"ocean_menu_typo_font_size_mobile":0,"ocean_menu_typo_font_size_unit":"px","ocean_menu_typo_font_weight":"","ocean_menu_typo_font_weight_tablet":"","ocean_menu_typo_font_weight_mobile":"","ocean_menu_typo_transform":"","ocean_menu_typo_transform_tablet":"","ocean_menu_typo_transform_mobile":"","ocean_menu_typo_line_height":0,"ocean_menu_typo_line_height_tablet":0,"ocean_menu_typo_line_height_mobile":0,"ocean_menu_typo_line_height_unit":"","ocean_menu_typo_spacing":0,"ocean_menu_typo_spacing_tablet":0,"ocean_menu_typo_spacing_mobile":0,"ocean_menu_typo_spacing_unit":"","ocean_menu_link_color":"","ocean_menu_link_color_hover":"","ocean_menu_link_color_active":"","ocean_menu_link_background":"","ocean_menu_link_hover_background":"","ocean_menu_link_active_background":"","ocean_menu_social_links_bg":"","ocean_menu_social_hover_links_bg":"","ocean_menu_social_links_color":"","ocean_menu_social_hover_links_color":"","ocean_disable_title":"on","ocean_disable_heading":"default","ocean_post_title":"","ocean_post_subheading":"","ocean_post_title_style":"","ocean_post_title_background_color":"","ocean_post_title_background":0,"ocean_post_title_bg_image_position":"","ocean_post_title_bg_image_attachment":"","ocean_post_title_bg_image_repeat":"","ocean_post_title_bg_image_size":"","ocean_post_title_height":0,"ocean_post_title_bg_overlay":0.5,"ocean_post_title_bg_overlay_color":"","ocean_disable_breadcrumbs":"default","ocean_breadcrumbs_color":"","ocean_breadcrumbs_separator_color":"","ocean_breadcrumbs_links_color":"","ocean_breadcrumbs_links_hover_color":"","ocean_display_footer_widgets":"on","ocean_display_footer_bottom":"on","ocean_custom_footer_template":"0","footnotes":""},"class_list":["post-117","page","type-page","status-publish","hentry","entry"],"_links":{"self":[{"href":"https:\/\/foerderverein.feuerwehr-harpstedt.de\/index.php?rest_route=\/wp\/v2\/pages\/117","targetHints":{"allow":["GET"]}}],"collection":[{"href":"https:\/\/foerderverein.feuerwehr-harpstedt.de\/index.php?rest_route=\/wp\/v2\/pages"}],"about":[{"href":"https:\/\/foerderverein.feuerwehr-harpstedt.de\/index.php?rest_route=\/wp\/v2\/types\/page"}],"author":[{"embeddable":true,"href":"https:\/\/foerderverein.feuerwehr-harpstedt.de\/index.php?rest_route=\/wp\/v2\/users\/1"}],"replies":[{"embeddable":true,"href":"https:\/\/foerderverein.feuerwehr-harpstedt.de\/index.php?rest_route=%2Fwp%2Fv2%2Fcomments&post=117"}],"version-history":[{"count":22,"href":"https:\/\/foerderverein.feuerwehr-harpstedt.de\/index.php?rest_route=\/wp\/v2\/pages\/117\/revisions"}],"predecessor-version":[{"id":555,"href":"https:\/\/foerderverein.feuerwehr-harpstedt.de\/index.php?rest_route=\/wp\/v2\/pages\/117\/revisions\/555"}],"wp:attachment":[{"href":"https:\/\/foerderverein.feuerwehr-harpstedt.de\/index.php?rest_route=%2Fwp%2Fv2%2Fmedia&parent=117"}],"curies":[{"name":"wp","href":"https:\/\/api.w.org\/{rel}","templated":true}]}}