{"id":110,"date":"2020-02-06T18:47:40","date_gmt":"2020-02-06T18:47:40","guid":{"rendered":"http:\/\/foerderverein.feuerwehr-harpstedt.de\/?page_id=110"},"modified":"2025-10-12T08:35:55","modified_gmt":"2025-10-12T08:35:55","slug":"startseite","status":"publish","type":"page","link":"https:\/\/foerderverein.feuerwehr-harpstedt.de\/","title":{"rendered":"Startseite"},"content":{"rendered":"<p style=\"text-align: center;\"><span style=\"font-size: 24pt; font-family: arial black, sans-serif; color: #ff0000;\"><span style=\"font-size: 14pt;\"><strong>Herzlich willkommen auf der Webseite des<\/strong><\/span><\/span><\/p>\n<p style=\"text-align: center;\"><span style=\"font-family: arial black, sans-serif; font-size: 24pt; color: #ff0000;\">F\u00f6rderverein der<\/span><br \/>\n<span style=\"font-family: arial black, sans-serif; font-size: 24pt; color: #ff0000;\">Freiwilligen Feuerwehr Harpstedt e.V.<\/span><\/p>\n<p><img decoding=\"async\" class=\"aligncenter\" src=\"https:\/\/foerderverein.feuerwehr-harpstedt.de\/wp-content\/uploads\/2020\/02\/LOGO.gif\" width=\"171\" height=\"227\" \/><\/p>\n<hr \/>\n<p><strong>Liebe B\u00fcrgerinnen und B\u00fcrger,<\/strong><\/p>\n<p><strong>auch in diesem Jahr bittet der F\u00f6rderverein der Freiwilligen Feuerwehr Harpstedt e.V. um Ihre Unterst\u00fctzung.<\/p>\n<p>Zurzeit verteilen die Kameradinnen und Kameraden der Feuerwehr einen &#8222;Spendenflyer&#8220; mit entsprechenden Informationen zu unserer diesj\u00e4hrigen Sammelaktion.<br \/>\n<\/strong><strong><br \/>\nDie Bankverbindung mit der M\u00f6glichkeit zu spenden, finden Sie auch hier:<\/strong><\/p>\n<p><strong>Landessparkasse zu Oldenburg,<\/strong><\/p>\n<p>BLZ 280 501 00, Konto-Nr. 2025112<\/p>\n<p><strong>IBAN: DE49 2805 0100 0002 0251 12<\/strong><\/p>\n<p><strong><u><img fetchpriority=\"high\" decoding=\"async\" class=\"alignnone wp-image-445\" src=\"https:\/\/foerderverein.feuerwehr-harpstedt.de\/wp-content\/uploads\/2023\/02\/QR-Code.png\" alt=\"\" width=\"293\" height=\"277\" srcset=\"https:\/\/foerderverein.feuerwehr-harpstedt.de\/wp-content\/uploads\/2023\/02\/QR-Code.png 434w, https:\/\/foerderverein.feuerwehr-harpstedt.de\/wp-content\/uploads\/2023\/02\/QR-Code-300x283.png 300w\" sizes=\"(max-width: 293px) 100vw, 293px\" \/><\/u><\/strong><\/p>\n<p><strong><u>Wichtig:<\/u><\/strong><\/p>\n<ol>\n<li>\u00d6ffne zuerst deine Banking-App<\/li>\n<li>W\u00e4hle bei der \u00dcberweisung die Option \u201eQR-Code scannen\u201c<\/li>\n<\/ol>\n<p><strong><br \/>\nNoch einfacher geht es mit Ihrer \u00a0Mitgliedschaft im F\u00f6rderverein der Freiwilligen Feuerwehr Harpstedt e.V. &#8211; und das bereits ab 1,- \u20ac pro Monat. <\/strong><\/p>\n<p><a href=\"https:\/\/foerderverein.feuerwehr-harpstedt.de\/?page_id=119\" target=\"_blank\" rel=\"noopener\"><strong><span style=\"color: #0000ff;\">Hier kommen Sie zu unserem Aufnahmeantrag \u2026<\/span><\/strong><\/a><\/p>\n<p><strong>Vielen Dank f\u00fcr Ihre Unterst\u00fctzung.<\/strong><\/p>\n<p><strong>Ihr<br \/>\n<\/strong><strong>F\u00f6rderverein der Freiwilligen Feuerwehr Harpstedt e.V.<\/strong><\/p>\n<p>&nbsp;<\/p>\n<p style=\"text-align: center;\"><a href=\"https:\/\/foerderverein.feuerwehr-harpstedt.de\/?page_id=115\"><span style=\"font-size: 18pt; color: #ff0000;\"><strong><span style=\"color: #0000ff;\">Weiter zu unseren aktuellen Themen&#8230;<\/span><\/strong><\/span><\/a><\/p>\n","protected":false},"excerpt":{"rendered":"<p>Herzlich willkommen auf der Webseite des F\u00f6rderverein der Freiwilligen Feuerwehr Harpstedt e.V. Liebe B\u00fcrgerinnen und B\u00fcrger, auch in diesem Jahr bittet der F\u00f6rderverein der Freiwilligen Feuerwehr Harpstedt e.V. um Ihre Unterst\u00fctzung. Zurzeit verteilen die Kameradinnen und Kameraden der Feuerwehr einen &#8222;Spendenflyer&#8220; mit entsprechenden Informationen zu unserer diesj\u00e4hrigen Sammelaktion. Die Bankverbindung mit der M\u00f6glichkeit zu spenden, [&hellip;]<\/p>\n","protected":false},"author":1,"featured_media":0,"parent":0,"menu_order":1,"comment_status":"closed","ping_status":"closed","template":"","meta":{"ocean_post_layout":"","ocean_both_sidebars_style":"","ocean_both_sidebars_content_width":0,"ocean_both_sidebars_sidebars_width":0,"ocean_sidebar":"0","ocean_second_sidebar":"0","ocean_disable_margins":"enable","ocean_add_body_class":"","ocean_shortcode_before_top_bar":"","ocean_shortcode_after_top_bar":"","ocean_shortcode_before_header":"","ocean_shortcode_after_header":"","ocean_has_shortcode":"","ocean_shortcode_after_title":"","ocean_shortcode_before_footer_widgets":"","ocean_shortcode_after_footer_widgets":"","ocean_shortcode_before_footer_bottom":"","ocean_shortcode_after_footer_bottom":"","ocean_display_top_bar":"on","ocean_display_header":"on","ocean_header_style":"","ocean_center_header_left_menu":"0","ocean_custom_header_template":"0","ocean_custom_logo":0,"ocean_custom_retina_logo":0,"ocean_custom_logo_max_width":0,"ocean_custom_logo_tablet_max_width":0,"ocean_custom_logo_mobile_max_width":0,"ocean_custom_logo_max_height":0,"ocean_custom_logo_tablet_max_height":0,"ocean_custom_logo_mobile_max_height":0,"ocean_header_custom_menu":"0","ocean_menu_typo_font_family":"0","ocean_menu_typo_font_subset":"","ocean_menu_typo_font_size":0,"ocean_menu_typo_font_size_tablet":0,"ocean_menu_typo_font_size_mobile":0,"ocean_menu_typo_font_size_unit":"px","ocean_menu_typo_font_weight":"","ocean_menu_typo_font_weight_tablet":"","ocean_menu_typo_font_weight_mobile":"","ocean_menu_typo_transform":"","ocean_menu_typo_transform_tablet":"","ocean_menu_typo_transform_mobile":"","ocean_menu_typo_line_height":0,"ocean_menu_typo_line_height_tablet":0,"ocean_menu_typo_line_height_mobile":0,"ocean_menu_typo_line_height_unit":"","ocean_menu_typo_spacing":0,"ocean_menu_typo_spacing_tablet":0,"ocean_menu_typo_spacing_mobile":0,"ocean_menu_typo_spacing_unit":"","ocean_menu_link_color":"","ocean_menu_link_color_hover":"","ocean_menu_link_color_active":"","ocean_menu_link_background":"","ocean_menu_link_hover_background":"","ocean_menu_link_active_background":"","ocean_menu_social_links_bg":"","ocean_menu_social_hover_links_bg":"","ocean_menu_social_links_color":"","ocean_menu_social_hover_links_color":"","ocean_disable_title":"on","ocean_disable_heading":"default","ocean_post_title":"","ocean_post_subheading":"","ocean_post_title_style":"","ocean_post_title_background_color":"","ocean_post_title_background":0,"ocean_post_title_bg_image_position":"","ocean_post_title_bg_image_attachment":"","ocean_post_title_bg_image_repeat":"","ocean_post_title_bg_image_size":"","ocean_post_title_height":0,"ocean_post_title_bg_overlay":0.5,"ocean_post_title_bg_overlay_color":"","ocean_disable_breadcrumbs":"default","ocean_breadcrumbs_color":"","ocean_breadcrumbs_separator_color":"","ocean_breadcrumbs_links_color":"","ocean_breadcrumbs_links_hover_color":"","ocean_display_footer_widgets":"on","ocean_display_footer_bottom":"on","ocean_custom_footer_template":"0","footnotes":""},"class_list":["post-110","page","type-page","status-publish","hentry","entry"],"_links":{"self":[{"href":"https:\/\/foerderverein.feuerwehr-harpstedt.de\/index.php?rest_route=\/wp\/v2\/pages\/110","targetHints":{"allow":["GET"]}}],"collection":[{"href":"https:\/\/foerderverein.feuerwehr-harpstedt.de\/index.php?rest_route=\/wp\/v2\/pages"}],"about":[{"href":"https:\/\/foerderverein.feuerwehr-harpstedt.de\/index.php?rest_route=\/wp\/v2\/types\/page"}],"author":[{"embeddable":true,"href":"https:\/\/foerderverein.feuerwehr-harpstedt.de\/index.php?rest_route=\/wp\/v2\/users\/1"}],"replies":[{"embeddable":true,"href":"https:\/\/foerderverein.feuerwehr-harpstedt.de\/index.php?rest_route=%2Fwp%2Fv2%2Fcomments&post=110"}],"version-history":[{"count":12,"href":"https:\/\/foerderverein.feuerwehr-harpstedt.de\/index.php?rest_route=\/wp\/v2\/pages\/110\/revisions"}],"predecessor-version":[{"id":143,"href":"https:\/\/foerderverein.feuerwehr-harpstedt.de\/index.php?rest_route=\/wp\/v2\/pages\/110\/revisions\/143"}],"wp:attachment":[{"href":"https:\/\/foerderverein.feuerwehr-harpstedt.de\/index.php?rest_route=%2Fwp%2Fv2%2Fmedia&parent=110"}],"curies":[{"name":"wp","href":"https:\/\/api.w.org\/{rel}","templated":true}]}}